{"id":82,"date":"2025-06-02T14:49:44","date_gmt":"2025-06-02T14:49:44","guid":{"rendered":"https:\/\/rosemaryankara.com\/?page_id=82"},"modified":"2025-06-03T06:22:52","modified_gmt":"2025-06-03T06:22:52","slug":"ana-sayfa","status":"publish","type":"page","link":"https:\/\/rosemaryankara.com\/","title":{"rendered":"Ana Sayfa"},"content":{"rendered":"\t\t<div data-elementor-type=\"wp-page\" data-elementor-id=\"82\" class=\"elementor elementor-82\">\n\t\t\t\t<div class=\"elementor-element elementor-element-c5ae176 e-flex e-con-boxed e-con e-parent\" data-id=\"c5ae176\" data-element_type=\"container\">\n\t\t\t\t\t<div class=\"e-con-inner\">\n\t\t\t\t\t<\/div>\n\t\t\t\t<\/div>\n\t\t<div class=\"elementor-element elementor-element-39a6d6c e-grid e-con-boxed e-con e-parent\" data-id=\"39a6d6c\" data-element_type=\"container\">\n\t\t\t\t\t<div class=\"e-con-inner\">\n\t\t\t\t<div class=\"elementor-element elementor-element-8150f7f elementor-widget elementor-widget-heading\" data-id=\"8150f7f\" data-element_type=\"widget\" data-widget_type=\"heading.default\">\n\t\t\t\t<div class=\"elementor-widget-container\">\n\t\t\t\t\t<h2 class=\"elementor-heading-title elementor-size-default\"><p style=\"font-size: medium;font-weight: 400\"><\/p><p style=\"font-size: medium;font-weight: 400\">&nbsp;<span style=\"font-family: Poppins, sans-serif;font-size: 3.625rem;font-weight: bold\">Rosemary \u00d6zellikler<\/span><span style=\"font-size: 3.0625rem;font-weight: 600\"><\/span><\/p><\/h2>\t\t\t\t<\/div>\n\t\t\t\t<\/div>\n\t\t\t\t\t<\/div>\n\t\t\t\t<\/div>\n\t\t<div class=\"elementor-element elementor-element-38b9230 e-grid e-con-boxed e-con e-parent\" data-id=\"38b9230\" data-element_type=\"container\">\n\t\t\t\t\t<div class=\"e-con-inner\">\n\t\t\t\t<div class=\"elementor-element elementor-element-e7870cb elementor-widget elementor-widget-heading\" data-id=\"e7870cb\" data-element_type=\"widget\" data-widget_type=\"heading.default\">\n\t\t\t\t<div class=\"elementor-widget-container\">\n\t\t\t\t\t<h2 class=\"elementor-heading-title elementor-size-default\"><h2 data-elementor-setting-key=\"title\" data-pen-placeholder=\"Buraya Yaz\u0131n...\" style=\"font-family: Roboto, sans-serif;font-weight: 600;margin-bottom: 0.729167em\"><div style=\"font-size: medium;font-weight: 400\"><h2 style=\"margin-bottom: 0.729167em\">Olanaklar<\/h2><div><div><ul><li>Yemek servisi<\/li><li>Men\u00fc tad\u0131m\u0131<\/li><li>Organizasyon sorumlusu<\/li><li>Organizasyon firmas\u0131 getirme<\/li><li>M\u00fczisyen Getirme<\/li><li>DJ<\/li><\/ul><\/div><div><ul><li>Alkol servisi<\/li><li>Men\u00fcde de\u011fi\u015fiklik<\/li><li>I\u015f\u0131k, ses ve sahne hizmeti<\/li><li>Dans \u015eov<\/li><li>Canl\u0131 M\u00fczik<\/li><\/ul><\/div><\/div><\/div><hr style=\"font-size: medium;font-weight: 400\"><div style=\"font-size: medium;font-weight: 400\"><h2 style=\"margin-bottom: 0.729167em\"><br><\/h2><\/div><\/h2><\/h2>\t\t\t\t<\/div>\n\t\t\t\t<\/div>\n\t\t\t\t<div class=\"elementor-element elementor-element-20133df elementor-widget elementor-widget-heading\" data-id=\"20133df\" data-element_type=\"widget\" data-widget_type=\"heading.default\">\n\t\t\t\t<div class=\"elementor-widget-container\">\n\t\t\t\t\t<h2 class=\"elementor-heading-title elementor-size-default\"><h2 data-elementor-setting-key=\"title\" data-pen-placeholder=\"Buraya Yaz\u0131n...\" style=\"font-family: Roboto, sans-serif;margin-bottom: 0.729167em\"><div style=\"font-size: medium;font-weight: 400\"><h2 style=\"margin-bottom: 0.729167em\">Fiziksel \u00d6zellikler<\/h2><div><div><ul><li>A\u00e7\u0131l\u0131r kapan\u0131r tavan<\/li><li>\u00c7im alan<\/li><li>Orman i\u00e7inde<\/li><li>Y\u00fcksek tavan<\/li><li>Haz\u0131rl\u0131k odas\u0131<\/li><\/ul><\/div><div><ul><li>Bah\u00e7e<\/li><li>Kolonsuz salon<\/li><li>\u015eehir merkezinde<\/li><li>After party alan\u0131<\/li><li>Olumsuz hava ko\u015fullar\u0131na kar\u015f\u0131 \u00f6nlem<\/li><\/ul><\/div><\/div><\/div><hr style=\"font-size: medium;font-weight: 400\"><div style=\"font-size: medium;font-weight: 400\"><h2 style=\"margin-bottom: 0.729167em\">Manzara<\/h2><ul><li>Panoramik<\/li><li>Orman<\/li><li>Do\u011fa<\/li><\/ul><\/div><\/h2><\/h2>\t\t\t\t<\/div>\n\t\t\t\t<\/div>\n\t\t\t\t\t<\/div>\n\t\t\t\t<\/div>\n\t\t\t\t<\/div>\n\t\t","protected":false},"excerpt":{"rendered":"<p>&nbsp;Rosemary \u00d6zellikler Olanaklar Yemek servisi Men\u00fc tad\u0131m\u0131 Organizasyon sorumlusu Organizasyon firmas\u0131 getirme M\u00fczisyen Getirme DJ Alkol servisi Men\u00fcde de\u011fi\u015fiklik I\u015f\u0131k, ses ve sahne hizmeti Dans \u015eov Canl\u0131 M\u00fczik Fiziksel \u00d6zellikler A\u00e7\u0131l\u0131r kapan\u0131r tavan \u00c7im alan Orman i\u00e7inde Y\u00fcksek tavan Haz\u0131rl\u0131k odas\u0131 Bah\u00e7e Kolonsuz salon \u015eehir merkezinde After party alan\u0131 Olumsuz<\/p>\n<p class=\"more-link\"><a href=\"https:\/\/rosemaryankara.com\/\" class=\"readmore\">Devam<svg class=\"icon icon-arrow-right\" aria-hidden=\"true\" role=\"img\"> <use href=\"#icon-arrow-right\" xlink:href=\"#icon-arrow-right\"><\/use> <\/svg><span class=\"screen-reader-text\">Ana Sayfa<\/span><\/a><\/p>\n","protected":false},"author":1,"featured_media":0,"parent":0,"menu_order":0,"comment_status":"closed","ping_status":"closed","template":"","meta":{"footnotes":""},"class_list":["post-82","page","type-page","status-publish","hentry"],"_links":{"self":[{"href":"https:\/\/rosemaryankara.com\/index.php\/wp-json\/wp\/v2\/pages\/82","targetHints":{"allow":["GET"]}}],"collection":[{"href":"https:\/\/rosemaryankara.com\/index.php\/wp-json\/wp\/v2\/pages"}],"about":[{"href":"https:\/\/rosemaryankara.com\/index.php\/wp-json\/wp\/v2\/types\/page"}],"author":[{"embeddable":true,"href":"https:\/\/rosemaryankara.com\/index.php\/wp-json\/wp\/v2\/users\/1"}],"replies":[{"embeddable":true,"href":"https:\/\/rosemaryankara.com\/index.php\/wp-json\/wp\/v2\/comments?post=82"}],"version-history":[{"count":14,"href":"https:\/\/rosemaryankara.com\/index.php\/wp-json\/wp\/v2\/pages\/82\/revisions"}],"predecessor-version":[{"id":155,"href":"https:\/\/rosemaryankara.com\/index.php\/wp-json\/wp\/v2\/pages\/82\/revisions\/155"}],"wp:attachment":[{"href":"https:\/\/rosemaryankara.com\/index.php\/wp-json\/wp\/v2\/media?parent=82"}],"curies":[{"name":"wp","href":"https:\/\/api.w.org\/{rel}","templated":true}]}}